{"id":216,"date":"2025-05-28T13:45:04","date_gmt":"2025-05-28T13:45:04","guid":{"rendered":"https:\/\/torresbolik.com\/?page_id=216"},"modified":"2026-02-26T18:48:33","modified_gmt":"2026-02-26T18:48:33","slug":"nosotros","status":"publish","type":"page","link":"https:\/\/torresbolik.com\/pt\/nosotros\/","title":{"rendered":"Nosotros"},"content":{"rendered":"<div data-elementor-type=\"wp-page\" data-elementor-id=\"216\" class=\"elementor elementor-216\" data-elementor-post-type=\"page\">\n\t\t\t\t<div class=\"elementor-element elementor-element-945fc01 e-flex e-con-boxed e-con e-parent\" data-id=\"945fc01\" data-element_type=\"container\" data-e-type=\"container\" data-settings=\"{&quot;background_background&quot;:&quot;classic&quot;}\">\n\t\t\t\t\t<div class=\"e-con-inner\">\n\t\t\t\t<div class=\"elementor-element elementor-element-da4a819 elementor-widget__width-initial elementor-invisible elementor-widget elementor-widget-heading\" data-id=\"da4a819\" data-element_type=\"widget\" data-e-type=\"widget\" data-settings=\"{&quot;_animation&quot;:&quot;fadeInUp&quot;,&quot;_animation_delay&quot;:200}\" data-widget_type=\"heading.default\">\n\t\t\t\t<div class=\"elementor-widget-container\">\n\t\t\t\t\t<h2 class=\"elementor-heading-title elementor-size-default\">Trayectoria, solidez y confianza<\/h2>\t\t\t\t<\/div>\n\t\t\t\t<\/div>\n\t\t\t\t\t<\/div>\n\t\t\t\t<\/div>\n\t\t<div class=\"elementor-element elementor-element-3fbb55e e-con-full e-flex e-con e-parent\" data-id=\"3fbb55e\" data-element_type=\"container\" data-e-type=\"container\" data-settings=\"{&quot;background_background&quot;:&quot;classic&quot;}\">\n\t\t<div class=\"elementor-element elementor-element-f61b8ba e-con-full e-flex e-con e-child\" data-id=\"f61b8ba\" data-element_type=\"container\" data-e-type=\"container\">\n\t\t<div class=\"elementor-element elementor-element-e412655 e-con-full e-flex e-con e-child\" data-id=\"e412655\" data-element_type=\"container\" data-e-type=\"container\">\n\t\t\t\t<div class=\"elementor-element elementor-element-3427b50 elementor-invisible elementor-widget elementor-widget-heading\" data-id=\"3427b50\" data-element_type=\"widget\" data-e-type=\"widget\" data-settings=\"{&quot;_animation&quot;:&quot;fadeInUp&quot;,&quot;_animation_delay&quot;:200}\" data-widget_type=\"heading.default\">\n\t\t\t\t<div class=\"elementor-widget-container\">\n\t\t\t\t\t<h2 class=\"elementor-heading-title elementor-size-default\">Sobre nosotros<\/h2>\t\t\t\t<\/div>\n\t\t\t\t<\/div>\n\t\t\t\t<div class=\"elementor-element elementor-element-c47d9ba elementor-invisible elementor-widget elementor-widget-text-editor\" data-id=\"c47d9ba\" data-element_type=\"widget\" data-e-type=\"widget\" data-settings=\"{&quot;_animation&quot;:&quot;fadeInUp&quot;,&quot;_animation_delay&quot;:400}\" data-widget_type=\"text-editor.default\">\n\t\t\t\t<div class=\"elementor-widget-container\">\n\t\t\t\t\t\t\t\t\t<p>M\u00e1s de 18 a\u00f1os desarrollando proyectos que consolidan barrios y generan valor a largo plazo.\u2028Dise\u00f1o, planificaci\u00f3n y cumplimiento nos posicionan como una de las desarrolladoras m\u00e1s confiables del pa\u00eds.<\/p>\t\t\t\t\t\t\t\t<\/div>\n\t\t\t\t<\/div>\n\t\t\t\t<\/div>\n\t\t\t\t<\/div>\n\t\t<div class=\"elementor-element elementor-element-f8020d1 e-con-full e-flex e-con e-child\" data-id=\"f8020d1\" data-element_type=\"container\" data-e-type=\"container\" data-settings=\"{&quot;background_background&quot;:&quot;classic&quot;}\">\n\t\t\t\t<\/div>\n\t\t\t\t<\/div>\n\t\t<div class=\"elementor-element elementor-element-46814a8 e-con-full e-flex e-con e-parent\" data-id=\"46814a8\" data-element_type=\"container\" data-e-type=\"container\" data-settings=\"{&quot;background_background&quot;:&quot;classic&quot;}\">\n\t\t<div class=\"elementor-element elementor-element-c3376c6 e-con-full e-flex e-con e-child\" data-id=\"c3376c6\" data-element_type=\"container\" data-e-type=\"container\" data-settings=\"{&quot;background_background&quot;:&quot;classic&quot;}\">\n\t\t<div class=\"elementor-element elementor-element-0e328b1 e-con-full e-flex e-con e-child\" data-id=\"0e328b1\" data-element_type=\"container\" data-e-type=\"container\">\n\t\t\t\t<div class=\"elementor-element elementor-element-95e7e62 elementor-invisible elementor-widget elementor-widget-heading\" data-id=\"95e7e62\" data-element_type=\"widget\" data-e-type=\"widget\" data-settings=\"{&quot;_animation&quot;:&quot;fadeInUp&quot;,&quot;_animation_delay&quot;:200}\" data-widget_type=\"heading.default\">\n\t\t\t\t<div class=\"elementor-widget-container\">\n\t\t\t\t\t<h2 class=\"elementor-heading-title elementor-size-default\">Tu inversi\u00f3n, en manos expertas<\/h2>\t\t\t\t<\/div>\n\t\t\t\t<\/div>\n\t\t\t\t<div class=\"elementor-element elementor-element-7dad60f elementor-widget elementor-widget-text-editor\" data-id=\"7dad60f\" data-element_type=\"widget\" data-e-type=\"widget\" data-widget_type=\"text-editor.default\">\n\t\t\t\t<div class=\"elementor-widget-container\">\n\t\t\t\t\t\t\t\t\t<p><span style=\"color: #000000;\">Con B360, nos encargamos de todo: cobros, atenci\u00f3n al inquilino y administraci\u00f3n integral.\u2028Ideal para inversores del exterior que buscan tranquilidad y rendimiento.<\/span><\/p>\t\t\t\t\t\t\t\t<\/div>\n\t\t\t\t<\/div>\n\t\t\t\t<\/div>\n\t\t\t\t<\/div>\n\t\t<div class=\"elementor-element elementor-element-fd4eb94 e-con-full e-flex e-con e-child\" data-id=\"fd4eb94\" data-element_type=\"container\" data-e-type=\"container\" data-settings=\"{&quot;background_background&quot;:&quot;classic&quot;}\">\n\t\t\t\t<\/div>\n\t\t\t\t<\/div>\n\t\t\t\t<\/div>","protected":false},"excerpt":{"rendered":"<p>Trayectoria, solidez y confianza Sobre nosotros M\u00e1s de 18 a\u00f1os desarrollando proyectos que consolidan barrios y generan valor a largo plazo.\u2028Dise\u00f1o, planificaci\u00f3n y cumplimiento nos posicionan como una de las desarrolladoras m\u00e1s confiables del pa\u00eds. Tu inversi\u00f3n, en manos expertas Con B360, nos encargamos de todo: cobros, atenci\u00f3n al inquilino y administraci\u00f3n integral.\u2028Ideal para inversores [&hellip;]<\/p>\n","protected":false},"author":1,"featured_media":0,"parent":0,"menu_order":0,"comment_status":"closed","ping_status":"closed","template":"","meta":{"_acf_changed":false,"footnotes":""},"class_list":["post-216","page","type-page","status-publish","hentry"],"acf":[],"_links":{"self":[{"href":"https:\/\/torresbolik.com\/pt\/wp-json\/wp\/v2\/pages\/216","targetHints":{"allow":["GET"]}}],"collection":[{"href":"https:\/\/torresbolik.com\/pt\/wp-json\/wp\/v2\/pages"}],"about":[{"href":"https:\/\/torresbolik.com\/pt\/wp-json\/wp\/v2\/types\/page"}],"author":[{"embeddable":true,"href":"https:\/\/torresbolik.com\/pt\/wp-json\/wp\/v2\/users\/1"}],"replies":[{"embeddable":true,"href":"https:\/\/torresbolik.com\/pt\/wp-json\/wp\/v2\/comments?post=216"}],"version-history":[{"count":104,"href":"https:\/\/torresbolik.com\/pt\/wp-json\/wp\/v2\/pages\/216\/revisions"}],"predecessor-version":[{"id":1154,"href":"https:\/\/torresbolik.com\/pt\/wp-json\/wp\/v2\/pages\/216\/revisions\/1154"}],"wp:attachment":[{"href":"https:\/\/torresbolik.com\/pt\/wp-json\/wp\/v2\/media?parent=216"}],"curies":[{"name":"wp","href":"https:\/\/api.w.org\/{rel}","templated":true}]}}